{"id":15,"date":"2016-10-08T13:57:49","date_gmt":"2016-10-08T11:57:49","guid":{"rendered":"http:\/\/videgrenier.sidslevesinet.fr\/?page_id=15"},"modified":"2026-02-21T13:11:49","modified_gmt":"2026-02-21T12:11:49","slug":"reglement","status":"publish","type":"page","link":"https:\/\/videgrenier.sidslevesinet.fr\/index.php\/reglement\/","title":{"rendered":"REGLEMENT"},"content":{"rendered":"<h2>R\u00e8glement 2026 du vide-grenier des Charmettes<\/h2>\n<h2>Article 1<\/h2>\n<p style=\"font-weight: 400;\">Le vide-greniers des Charmettes est organis\u00e9 par la Soci\u00e9t\u00e9 d\u2019Initiatives et de D\u00e9fense du Site du V\u00e9sinet, association loi de 1901 (SIDSV). Il se tiendra le <strong>dimanche 18 mai 2025<\/strong> de 8h00 \u00e0 18h00, place des Charmettes et rues adjacentes \u2013 78110 Le V\u00e9sinet<\/p>\n<h2>Article 2 Participants et inscriptions<\/h2>\n<p style=\"font-weight: 400;\"><strong>Conditions g\u00e9n\u00e9rales<\/strong>\u00a0: Le vide-grenier est ouvert exclusivement aux particuliers, sous r\u00e9serve d\u2019une acceptation du dossier. Les exposants doivent habiter\u00a0<strong>Le V\u00e9sinet ou les communes limitrophes.<\/strong><\/p>\n<p style=\"font-weight: 400;\">Les inscriptions sont re\u00e7ues dans la limite des places disponibles. L&rsquo;organisateur se r\u00e9serve le droit de refuser toute candidature susceptible de troubler l&rsquo;ordre de la manifestation.<\/p>\n<p style=\"font-weight: 400;\">Pour s&rsquo;inscrire, les exposants devront se connecter sur le site HelloAsso \u00e0 l\u2019adresse suivante\u00a0:<\/p>\n<p><a href=\"https:\/\/www.mybrocante.fr\/agenda\/e\/525640405b\/78110\">https:\/\/www.mybrocante.fr\/agenda\/e\/525640405b\/78110<\/a><\/p>\n<p style=\"font-weight: 400;\">Pour valider l\u2019inscription les particuliers doivent transmettre imp\u00e9rativement\u00a0:<\/p>\n<ul>\n<li>Une photocopie recto-verso d&rsquo;une pi\u00e8ce d&rsquo;identit\u00e9 valide<\/li>\n<li>Une attestation sur l\u2019honneur d\u00e9clarant ne pas avoir particip\u00e9 \u00e0 plus de deux vide-greniers \/ brocantes dans l&rsquo;ann\u00e9e civile.<\/li>\n<\/ul>\n<p style=\"font-weight: 400;\">Les inscriptions limit\u00e9es \u00e0 un stand et une extension de 2 m\u00e8tres par foyer, ne seront valid\u00e9es qu&rsquo;apr\u00e8s r\u00e9ception du r\u00e8glement et des documents demand\u00e9s avant le 8 mai 2025.<\/p>\n<p style=\"font-weight: 400;\">Les adh\u00e9rents de la SIDSV r\u00e9pondant aux conditions g\u00e9n\u00e9rales, \u00e0 jour de cotisation, sont prioritaires sur les inscriptions au vide-grenier. Ils b\u00e9n\u00e9ficient de tarifs adh\u00e9rents.<\/p>\n<h2>Article 3 \u2013 Emplacements et tarifs<\/h2>\n<p style=\"font-weight: 400;\">Deux tailles d&#8217;emplacements sont propos\u00e9es.<\/p>\n<p style=\"font-weight: 400;\">Pour les adh\u00e9rents\u00a0:<\/p>\n<ul>\n<li>Stand de 2 m\u00e8tres lin\u00e9aires : 15 \u20ac<\/li>\n<li>Stand de 4 m\u00e8tres lin\u00e9aires : 30 \u20ac<\/li>\n<\/ul>\n<p style=\"font-weight: 400;\">Pour les non-adh\u00e9rents\u00a0:<\/p>\n<ul>\n<li>Stand de 2 m\u00e8tres lin\u00e9aires : 30 \u20ac<\/li>\n<li>Stand de 4 m\u00e8tres lin\u00e9aires : 60 \u20ac<\/li>\n<\/ul>\n<p style=\"font-weight: 400;\">Les emplacements sont attribu\u00e9s par l&rsquo;organisateur en fonction de l&rsquo;ordre d&rsquo;arriv\u00e9e des inscriptions compl\u00e8tes. Aucune r\u00e9clamation ne sera retenue quant \u00e0 l\u2019emplacement des stands. Les exposants s&rsquo;engagent \u00e0 respecter les dimensions des emplacements attribu\u00e9s et \u00e0 ne pas empi\u00e9ter sur les espaces voisins ou les all\u00e9es de circulation.<\/p>\n<p style=\"font-weight: 400;\">Les personnes qui souhaitent \u00eatre c\u00f4te-\u00e0-c\u00f4te doivent le signaler lors de l\u2019inscription ; il leur sera donn\u00e9 satisfaction dans la mesure du possible ; aucune modification ne pourra intervenir ult\u00e9rieurement. La SIDSV ne fournit ni table, ni \u00e9lectricit\u00e9 ou autres accessoires sur les emplacements. Ils sont fournis nus.<\/p>\n<p style=\"font-weight: 400;\">Aucune r\u00e9servation ne sera prise en compte sans paiement ni fournitures des documents demand\u00e9s.<\/p>\n<h2>Article 4 : Installation et d\u00e9montage<\/h2>\n<ul>\n<li>Installation des stands : de 6h00 \u00e0 7h00 en voiture. A pied jusqu\u2019\u00e0 8h00<\/li>\n<li>Ouverture au public : de 8h00 \u00e0 18h00<\/li>\n<li>D\u00e9montage des stands : \u00e0 partir de 18h00 jusqu&rsquo;\u00e0 19h00<\/li>\n<\/ul>\n<p style=\"font-weight: 400;\">Tout emplacement non occup\u00e9 \u00e0 08h00 heures pourra \u00eatre redistribu\u00e9 sans remboursement possible.<\/p>\n<p style=\"font-weight: 400;\">Les v\u00e9hicules des exposants pourront acc\u00e9der au site uniquement pour le d\u00e9chargement et le chargement pendant les heures pr\u00e9vues \u00e0 cet effet 8h au plus tard. Aucun v\u00e9hicule ne sera autoris\u00e9 \u00e0 stationner sur le site du vide-grenier pendant les heures d&rsquo;ouverture au public.<\/p>\n<h2>Article 5 : Nature des objets expos\u00e9s<\/h2>\n<p style=\"font-weight: 400;\">Sont autoris\u00e9s \u00e0 la vente : objets anciens, objets de collection, objets d&rsquo;occasion, bibelots, livres, disques, v\u00eatements d&rsquo;occasion, etc.<\/p>\n<p style=\"font-weight: 400;\">Sont strictement interdits :<\/p>\n<ul>\n<li>Les produits alimentaires et les boissons<\/li>\n<li>Les objets neufs<\/li>\n<li>Les armes et munitions de toutes cat\u00e9gories<\/li>\n<li>Les animaux vivants<\/li>\n<li>Les objets ou publications \u00e0 caract\u00e8re pornographique<\/li>\n<li>Les produits inflammables<\/li>\n<li>Les copies de CD, DVD ou jeux vid\u00e9o<\/li>\n<li>Tout produit dont la vente est prohib\u00e9e par la l\u00e9gislation en vigueur<\/li>\n<\/ul>\n<p style=\"font-weight: 400;\">L&rsquo;organisateur se r\u00e9serve le droit de faire retirer de la vente les objets non conformes.<\/p>\n<h2>Article 6 : Obligations des exposants<\/h2>\n<p style=\"font-weight: 400;\">Chaque exposant s&rsquo;engage \u00e0 :<\/p>\n<ul>\n<li>Tenir son stand pendant toute la dur\u00e9e de la manifestation<\/li>\n<li>Ne pas remballer avant l&rsquo;heure de cl\u00f4ture<\/li>\n<li>Laisser son emplacement propre \u00e0 son d\u00e9part<\/li>\n<li>Afficher les prix de mani\u00e8re visible<\/li>\n<li>Attester sur l&rsquo;honneur ne pas avoir particip\u00e9 \u00e0 plus de deux vide-greniers\/brocantes dans l&rsquo;ann\u00e9e civile<\/li>\n<li>Respecter imp\u00e9rativement les r\u00e8gles \u00e9l\u00e9mentaires de civisme concernant le stationnement des v\u00e9hicules<\/li>\n<li>Respect les passages prot\u00e9g\u00e9s<\/li>\n<li>Respecter les sorties de voitures des riverains<\/li>\n<li>Respecter des banquettes anglaises<\/li>\n<\/ul>\n<p style=\"font-weight: 400;\"><strong>Exposants\u00a0: <\/strong><\/p>\n<p style=\"font-weight: 400;\"><strong>VOUS DEVEZ REMPORTER LES INVENDUS QUE VOUS DESTINEZ AUX ENCOMBRANTS<\/strong><\/p>\n<p style=\"font-weight: 400;\">Des sacs poubelles vous seront remis afin de laisser votre emplacement propre. Les num\u00e9ros des emplacements non nettoy\u00e9s seront relev\u00e9s et vous ne pourrez pas retenir une place pour les prochains vide-greniers.<\/p>\n<h2>Article 7 : Responsabilit\u00e9 et assurance<\/h2>\n<p style=\"font-weight: 400;\">L&rsquo;organisateur d\u00e9cline toute responsabilit\u00e9 en cas de vol, perte ou d\u00e9t\u00e9rioration des objets expos\u00e9s ainsi qu&rsquo;en cas d&rsquo;accident survenant aux personnes pour quelque cause que ce soit.<\/p>\n<p style=\"font-weight: 400;\">Les exposants sont responsables des dommages qu&rsquo;ils pourraient occasionner aux personnes, aux biens, aux mat\u00e9riels appartenant \u00e0 l&rsquo;organisation.<\/p>\n<p style=\"font-weight: 400;\">Les exposants sont tenus de souscrire \u00e0 leurs frais une assurance couvrant leur responsabilit\u00e9 civile.<\/p>\n<h2>Article 8 : Annulation<\/h2>\n<p style=\"font-weight: 400;\">En cas d&rsquo;intemp\u00e9ries ou force majeure contraignant l&rsquo;organisateur \u00e0 annuler la manifestation, les exposants seront rembours\u00e9s de leurs frais d&rsquo;inscription, d\u00e9duction faite des d\u00e9penses engag\u00e9es par l&rsquo;organisateur.<\/p>\n<p style=\"font-weight: 400;\">En cas de d\u00e9sistement de l&rsquo;exposant :<\/p>\n<ul>\n<li>Avant le 1<sup>er<\/sup> mai : remboursement \u00e0 hauteur de 50% des frais d&rsquo;inscription<\/li>\n<li>Apr\u00e8s le 1<sup>er<\/sup> mai : aucun remboursement ne sera effectu\u00e9<\/li>\n<\/ul>\n<h2>Article 9 : Respect du r\u00e8glement<\/h2>\n<p style=\"font-weight: 400;\">Le fait d&rsquo;\u00eatre admis \u00e0 participer au vide-grenier implique l&rsquo;acceptation sans r\u00e9serve du pr\u00e9sent r\u00e8glement.<\/p>\n<p style=\"font-weight: 400;\">Toute infraction au pr\u00e9sent r\u00e8glement peut entra\u00eener l&rsquo;exclusion imm\u00e9diate de l&rsquo;exposant sans remboursement ni indemnit\u00e9.<\/p>\n<h2>Contact<\/h2>\n<p style=\"font-weight: 400;\">Pour tout renseignement compl\u00e9mentaire, contacter :<\/p>\n<ul>\n<li>Nom du responsable : Guillaume de Chamborant<\/li>\n<li>T\u00e9l\u00e9phone : 06 20 36 79 10 &#8211; Email : contact@sidslevesinet.fr<\/li>\n<\/ul>\n<p style=\"font-weight: 400;\">Fait \u00e0 Le V\u00e9sinet, le 25 mars 2025 \u00a0\u00a0\u00a0\u00a0\u00a0\u00a0\u00a0\u00a0\u00a0\u00a0\u00a0\u00a0\u00a0\u00a0\u00a0\u00a0\u00a0\u00a0\u00a0\u00a0\u00a0\u00a0\u00a0\u00a0\u00a0\u00a0\u00a0\u00a0\u00a0\u00a0\u00a0\u00a0\u00a0\u00a0\u00a0\u00a0\u00a0\u00a0\u00a0\u00a0\u00a0\u00a0\u00a0 Pour l&rsquo;Association, le pr\u00e9sident<\/p>\n","protected":false},"excerpt":{"rendered":"<p>R\u00e8glement 2026 du vide-grenier des Charmettes Article 1 Le vide-greniers des Charmettes est organis\u00e9 par la Soci\u00e9t\u00e9 d\u2019Initiatives et de D\u00e9fense du Site du V\u00e9sinet, association loi de 1901 (SIDSV). Il se tiendra le dimanche 18 mai 2025 de 8h00 \u00e0 18h00, place des Charmettes et rues adjacentes \u2013 78110 Le V\u00e9sinet Article 2 Participants et inscriptions Conditions g\u00e9n\u00e9rales\u00a0: Le vide-grenier est ouvert exclusivement aux particuliers, sous r\u00e9serve d\u2019une acceptation du dossier. Les exposants doivent habiter\u00a0Le V\u00e9sinet ou les communes&#8230;<\/p>\n<p class=\"read-more\"><a class=\"btn btn-default\" href=\"https:\/\/videgrenier.sidslevesinet.fr\/index.php\/reglement\/\">Lire la suite<span class=\"screen-reader-text\"> Lire la suite<\/span><\/a><\/p>\n","protected":false},"author":1,"featured_media":0,"parent":0,"menu_order":0,"comment_status":"closed","ping_status":"closed","template":"","meta":{"footnotes":""},"class_list":["post-15","page","type-page","status-publish","hentry"],"_links":{"self":[{"href":"https:\/\/videgrenier.sidslevesinet.fr\/index.php\/wp-json\/wp\/v2\/pages\/15","targetHints":{"allow":["GET"]}}],"collection":[{"href":"https:\/\/videgrenier.sidslevesinet.fr\/index.php\/wp-json\/wp\/v2\/pages"}],"about":[{"href":"https:\/\/videgrenier.sidslevesinet.fr\/index.php\/wp-json\/wp\/v2\/types\/page"}],"author":[{"embeddable":true,"href":"https:\/\/videgrenier.sidslevesinet.fr\/index.php\/wp-json\/wp\/v2\/users\/1"}],"replies":[{"embeddable":true,"href":"https:\/\/videgrenier.sidslevesinet.fr\/index.php\/wp-json\/wp\/v2\/comments?post=15"}],"version-history":[{"count":20,"href":"https:\/\/videgrenier.sidslevesinet.fr\/index.php\/wp-json\/wp\/v2\/pages\/15\/revisions"}],"predecessor-version":[{"id":432,"href":"https:\/\/videgrenier.sidslevesinet.fr\/index.php\/wp-json\/wp\/v2\/pages\/15\/revisions\/432"}],"wp:attachment":[{"href":"https:\/\/videgrenier.sidslevesinet.fr\/index.php\/wp-json\/wp\/v2\/media?parent=15"}],"curies":[{"name":"wp","href":"https:\/\/api.w.org\/{rel}","templated":true}]}}