{"id":4,"date":"2016-10-08T10:44:34","date_gmt":"2016-10-08T08:44:34","guid":{"rendered":"http:\/\/videgrenier.sidslevesinet.fr\/?page_id=4"},"modified":"2026-02-21T13:36:35","modified_gmt":"2026-02-21T12:36:35","slug":"vide-grenier-des-charmettes","status":"publish","type":"page","link":"https:\/\/videgrenier.sidslevesinet.fr\/","title":{"rendered":"Vide-grenier des Charmettes"},"content":{"rendered":"\n<p class=\"has-text-align-center\" style=\"font-size:25px\">Inscription en ligne au vide-grenier du <mark style=\"background-color:rgba(0, 0, 0, 0)\" class=\"has-inline-color has-black-color\">07 juin 2026<\/mark><\/p>\n\n\n<div class=\"wp-block-image\">\n<figure class=\"aligncenter size-full\"><img loading=\"lazy\" decoding=\"async\" width=\"384\" height=\"174\" src=\"https:\/\/videgrenier.sidslevesinet.fr\/wp-content\/uploads\/2021\/09\/SIDSV-2021-02_72.jpg\" alt=\"\" class=\"wp-image-160\" srcset=\"https:\/\/videgrenier.sidslevesinet.fr\/wp-content\/uploads\/2021\/09\/SIDSV-2021-02_72.jpg 384w, https:\/\/videgrenier.sidslevesinet.fr\/wp-content\/uploads\/2021\/09\/SIDSV-2021-02_72-300x136.jpg 300w\" sizes=\"auto, (max-width: 384px) 100vw, 384px\" \/><\/figure>\n<\/div>\n\n\n<h3 class=\"wp-block-heading has-text-align-center\" id=\"le-vide-grenier-des-charmettes\" style=\"font-style:normal;font-weight:700\"><span style=\"color: #153b7d;\">Le Vide-Grenier des Charmettes<\/span><\/h3>\n\n\n\n<p class=\"has-text-align-center\"><span style=\"color: #153b7d;\">sur la place du march\u00e9 des Charmettes, au V\u00e9sinet (78)<\/span> <span style=\"color: #153b7d;\">dans le triangle avenue des Pages \/ boulevard de Belgique \/route de Montesson, \u00e0 environ 1500 m de la gare RER Le V\u00e9sinet-Le Pecq.<\/span><\/p>\n\n\n\n<figure class=\"wp-block-image size-large\"><img loading=\"lazy\" decoding=\"async\" width=\"1024\" height=\"401\" src=\"https:\/\/videgrenier.sidslevesinet.fr\/wp-content\/uploads\/2022\/06\/videgrenier2022-1024x401.jpg\" alt=\"videgrenier2022\" class=\"wp-image-233\" srcset=\"https:\/\/videgrenier.sidslevesinet.fr\/wp-content\/uploads\/2022\/06\/videgrenier2022-1024x401.jpg 1024w, https:\/\/videgrenier.sidslevesinet.fr\/wp-content\/uploads\/2022\/06\/videgrenier2022-300x117.jpg 300w, https:\/\/videgrenier.sidslevesinet.fr\/wp-content\/uploads\/2022\/06\/videgrenier2022-768x301.jpg 768w, https:\/\/videgrenier.sidslevesinet.fr\/wp-content\/uploads\/2022\/06\/videgrenier2022-1536x601.jpg 1536w, https:\/\/videgrenier.sidslevesinet.fr\/wp-content\/uploads\/2022\/06\/videgrenier2022-604x236.jpg 604w, https:\/\/videgrenier.sidslevesinet.fr\/wp-content\/uploads\/2022\/06\/videgrenier2022.jpg 2042w\" sizes=\"auto, (max-width: 1024px) 100vw, 1024px\" \/><figcaption class=\"wp-element-caption\"><em>Vide grenier des Charmettes, 5 juin 2022<\/em> (clich\u00e9 sidsv)<\/figcaption><\/figure>\n\n\n\n<hr class=\"wp-block-separator has-css-opacity\"\/>\n\n\n\n<p style=\"font-size:20px\"><strong>Tarifs des stands<\/strong><\/p>\n\n\n\n<p>Pour les adh\u00e9rents&nbsp;:&nbsp;<\/p>\n\n\n\n<ul class=\"wp-block-list\">\n<li>Stand de 2 m\u00e8tres lin\u00e9aires : 15 \u20ac<\/li>\n\n\n\n<li>Stand de 4 m\u00e8tres lin\u00e9aires : 30 \u20ac<\/li>\n<\/ul>\n\n\n\n<p>Pour les non-adh\u00e9rents&nbsp;:&nbsp;<\/p>\n\n\n\n<ul class=\"wp-block-list\">\n<li>Stand de 2 m\u00e8tres lin\u00e9aires : 30 \u20ac<\/li>\n\n\n\n<li>Stand de 4 m\u00e8tres lin\u00e9aires : 60 \u20ac<\/li>\n<\/ul>\n\n\n\n<p><\/p>\n\n\n\n<p><a href=\"https:\/\/www.mybrocante.fr\/agenda\/e\/525640405b\/78110\">https:\/\/www.mybrocante.fr\/agenda\/e\/525640405b\/78110<\/a><\/p>\n\n\n\n\n\n<p><\/p>\n","protected":false},"excerpt":{"rendered":"<p>Inscription en ligne au vide-grenier du 07 juin 2026 Le Vide-Grenier des Charmettes sur la place du march\u00e9 des Charmettes, au V\u00e9sinet (78) dans le triangle avenue des Pages \/ boulevard de Belgique \/route de Montesson, \u00e0 environ 1500 m de la gare RER Le V\u00e9sinet-Le Pecq. Tarifs des stands Pour les adh\u00e9rents&nbsp;:&nbsp; Pour les non-adh\u00e9rents&nbsp;:&nbsp; https:\/\/www.mybrocante.fr\/agenda\/e\/525640405b\/78110<\/p>\n","protected":false},"author":1,"featured_media":0,"parent":0,"menu_order":0,"comment_status":"closed","ping_status":"closed","template":"","meta":{"footnotes":""},"class_list":["post-4","page","type-page","status-publish","hentry"],"_links":{"self":[{"href":"https:\/\/videgrenier.sidslevesinet.fr\/index.php\/wp-json\/wp\/v2\/pages\/4","targetHints":{"allow":["GET"]}}],"collection":[{"href":"https:\/\/videgrenier.sidslevesinet.fr\/index.php\/wp-json\/wp\/v2\/pages"}],"about":[{"href":"https:\/\/videgrenier.sidslevesinet.fr\/index.php\/wp-json\/wp\/v2\/types\/page"}],"author":[{"embeddable":true,"href":"https:\/\/videgrenier.sidslevesinet.fr\/index.php\/wp-json\/wp\/v2\/users\/1"}],"replies":[{"embeddable":true,"href":"https:\/\/videgrenier.sidslevesinet.fr\/index.php\/wp-json\/wp\/v2\/comments?post=4"}],"version-history":[{"count":145,"href":"https:\/\/videgrenier.sidslevesinet.fr\/index.php\/wp-json\/wp\/v2\/pages\/4\/revisions"}],"predecessor-version":[{"id":436,"href":"https:\/\/videgrenier.sidslevesinet.fr\/index.php\/wp-json\/wp\/v2\/pages\/4\/revisions\/436"}],"wp:attachment":[{"href":"https:\/\/videgrenier.sidslevesinet.fr\/index.php\/wp-json\/wp\/v2\/media?parent=4"}],"curies":[{"name":"wp","href":"https:\/\/api.w.org\/{rel}","templated":true}]}}